{"id":2275,"date":"2023-05-06T09:13:15","date_gmt":"2023-05-06T09:13:15","guid":{"rendered":"https:\/\/www.g-portfolio.com\/?page_id=2275"},"modified":"2023-05-06T09:29:46","modified_gmt":"2023-05-06T09:29:46","slug":"wedding-graphics-2","status":"publish","type":"page","link":"https:\/\/www.g-portfolio.com\/index.php\/wedding-graphics-2\/","title":{"rendered":"wedding graphics-web invitation"},"content":{"rendered":"\n<p>R\u016btos ir Mariaus Vestuv\u0117ms<\/p>\n\n\n\n<figure class=\"wp-block-image size-large\"><img loading=\"lazy\" decoding=\"async\" width=\"700\" height=\"416\" src=\"https:\/\/www.g-portfolio.com\/wp-content\/uploads\/2023\/05\/Ruta-ir-Marius-1-pradzia-700x416.png\" alt=\"\" class=\"wp-image-2278\" srcset=\"https:\/\/www.g-portfolio.com\/wp-content\/uploads\/2023\/05\/Ruta-ir-Marius-1-pradzia-700x416.png 700w, https:\/\/www.g-portfolio.com\/wp-content\/uploads\/2023\/05\/Ruta-ir-Marius-1-pradzia-300x178.png 300w, https:\/\/www.g-portfolio.com\/wp-content\/uploads\/2023\/05\/Ruta-ir-Marius-1-pradzia-768x456.png 768w, https:\/\/www.g-portfolio.com\/wp-content\/uploads\/2023\/05\/Ruta-ir-Marius-1-pradzia-1536x912.png 1536w, https:\/\/www.g-portfolio.com\/wp-content\/uploads\/2023\/05\/Ruta-ir-Marius-1-pradzia.png 1920w\" sizes=\"(max-width: 700px) 100vw, 700px\" \/><\/figure>\n\n\n\n<figure class=\"wp-block-image size-large\"><img loading=\"lazy\" decoding=\"async\" width=\"700\" height=\"420\" src=\"https:\/\/www.g-portfolio.com\/wp-content\/uploads\/2023\/05\/RutaMarius_2-700x420.png\" alt=\"\" class=\"wp-image-2280\" srcset=\"https:\/\/www.g-portfolio.com\/wp-content\/uploads\/2023\/05\/RutaMarius_2-700x420.png 700w, https:\/\/www.g-portfolio.com\/wp-content\/uploads\/2023\/05\/RutaMarius_2-300x180.png 300w, https:\/\/www.g-portfolio.com\/wp-content\/uploads\/2023\/05\/RutaMarius_2-768x460.png 768w, https:\/\/www.g-portfolio.com\/wp-content\/uploads\/2023\/05\/RutaMarius_2-1536x921.png 1536w, https:\/\/www.g-portfolio.com\/wp-content\/uploads\/2023\/05\/RutaMarius_2.png 1920w\" sizes=\"(max-width: 700px) 100vw, 700px\" \/><\/figure>\n\n\n\n<figure class=\"wp-block-image size-large is-resized\"><img loading=\"lazy\" decoding=\"async\" src=\"https:\/\/www.g-portfolio.com\/wp-content\/uploads\/2023\/05\/RutaMarius_3-700x413.png\" alt=\"\" class=\"wp-image-2281\" width=\"674\" height=\"397\" srcset=\"https:\/\/www.g-portfolio.com\/wp-content\/uploads\/2023\/05\/RutaMarius_3-700x413.png 700w, https:\/\/www.g-portfolio.com\/wp-content\/uploads\/2023\/05\/RutaMarius_3-300x177.png 300w, https:\/\/www.g-portfolio.com\/wp-content\/uploads\/2023\/05\/RutaMarius_3-768x454.png 768w, https:\/\/www.g-portfolio.com\/wp-content\/uploads\/2023\/05\/RutaMarius_3-1536x907.png 1536w, https:\/\/www.g-portfolio.com\/wp-content\/uploads\/2023\/05\/RutaMarius_3.png 1920w\" sizes=\"(max-width: 674px) 100vw, 674px\" \/><\/figure>\n\n\n\n<p>Quando c&#8217;\u00e8 il vento sempre arriva l&#8217;amore.<\/p>\n","protected":false},"excerpt":{"rendered":"<p>R\u016btos ir Mariaus Vestuv\u0117ms Quando c&#8217;\u00e8 il vento sempre arriva l&#8217;amore.<\/p>\n","protected":false},"author":1,"featured_media":0,"parent":0,"menu_order":0,"comment_status":"closed","ping_status":"closed","template":"","meta":{"footnotes":""},"_links":{"self":[{"href":"https:\/\/www.g-portfolio.com\/index.php\/wp-json\/wp\/v2\/pages\/2275"}],"collection":[{"href":"https:\/\/www.g-portfolio.com\/index.php\/wp-json\/wp\/v2\/pages"}],"about":[{"href":"https:\/\/www.g-portfolio.com\/index.php\/wp-json\/wp\/v2\/types\/page"}],"author":[{"embeddable":true,"href":"https:\/\/www.g-portfolio.com\/index.php\/wp-json\/wp\/v2\/users\/1"}],"replies":[{"embeddable":true,"href":"https:\/\/www.g-portfolio.com\/index.php\/wp-json\/wp\/v2\/comments?post=2275"}],"version-history":[{"count":5,"href":"https:\/\/www.g-portfolio.com\/index.php\/wp-json\/wp\/v2\/pages\/2275\/revisions"}],"predecessor-version":[{"id":2288,"href":"https:\/\/www.g-portfolio.com\/index.php\/wp-json\/wp\/v2\/pages\/2275\/revisions\/2288"}],"wp:attachment":[{"href":"https:\/\/www.g-portfolio.com\/index.php\/wp-json\/wp\/v2\/media?parent=2275"}],"curies":[{"name":"wp","href":"https:\/\/api.w.org\/{rel}","templated":true}]}}