{"id":239,"date":"2017-03-20T10:31:50","date_gmt":"2017-03-20T10:31:50","guid":{"rendered":"http:\/\/www.g-portfolio.com\/?page_id=239"},"modified":"2022-09-08T14:43:02","modified_gmt":"2022-09-08T14:43:02","slug":"packaging-design","status":"publish","type":"page","link":"https:\/\/www.g-portfolio.com\/index.php\/packaging-design\/","title":{"rendered":"packaging design"},"content":{"rendered":"<p>F\u00fcr Pru\u00dfland &#8211; F\u00fcr die Freiheit &#8211; the packaging design_a system for different lives &#8211; different \u00a0things &#8211; mix everywhere &#8211; different point of view &#8211; diplomatic way in all sense or everywhere<\/p>\n<p><img loading=\"lazy\" decoding=\"async\" class=\"alignnone size-full wp-image-2228\" src=\"https:\/\/www.g-portfolio.com\/wp-content\/uploads\/2022\/09\/10bf44d2a8401dd369b990857a5e4138.jpg\" alt=\"\" width=\"564\" height=\"564\" srcset=\"https:\/\/www.g-portfolio.com\/wp-content\/uploads\/2022\/09\/10bf44d2a8401dd369b990857a5e4138.jpg 564w, https:\/\/www.g-portfolio.com\/wp-content\/uploads\/2022\/09\/10bf44d2a8401dd369b990857a5e4138-300x300.jpg 300w, https:\/\/www.g-portfolio.com\/wp-content\/uploads\/2022\/09\/10bf44d2a8401dd369b990857a5e4138-150x150.jpg 150w, https:\/\/www.g-portfolio.com\/wp-content\/uploads\/2022\/09\/10bf44d2a8401dd369b990857a5e4138-100x100.jpg 100w\" sizes=\"(max-width: 564px) 100vw, 564px\" \/><\/p>\n<p><img loading=\"lazy\" decoding=\"async\" class=\"alignnone size-large wp-image-2226\" src=\"https:\/\/www.g-portfolio.com\/wp-content\/uploads\/2022\/09\/Screen-Shot-2022-09-08-at-9.03.58-AM-700x491.png\" alt=\"\" width=\"525\" height=\"368\" srcset=\"https:\/\/www.g-portfolio.com\/wp-content\/uploads\/2022\/09\/Screen-Shot-2022-09-08-at-9.03.58-AM-700x491.png 700w, https:\/\/www.g-portfolio.com\/wp-content\/uploads\/2022\/09\/Screen-Shot-2022-09-08-at-9.03.58-AM-300x211.png 300w, https:\/\/www.g-portfolio.com\/wp-content\/uploads\/2022\/09\/Screen-Shot-2022-09-08-at-9.03.58-AM-768x539.png 768w, https:\/\/www.g-portfolio.com\/wp-content\/uploads\/2022\/09\/Screen-Shot-2022-09-08-at-9.03.58-AM-1536x1078.png 1536w, https:\/\/www.g-portfolio.com\/wp-content\/uploads\/2022\/09\/Screen-Shot-2022-09-08-at-9.03.58-AM-2048x1438.png 2048w\" sizes=\"(max-width: 525px) 100vw, 525px\" \/><\/p>\n<p>Packaging \u00a0made for Inarea.<\/p>\n<p>Three boards for realisation of a shopper bag which maintains the \u00a0original form of the company.<\/p>\n<p><img loading=\"lazy\" decoding=\"async\" class=\"alignnone size-full wp-image-642\" src=\"http:\/\/www.g-portfolio.com\/wp-content\/uploads\/2017\/03\/1-3.png\" alt=\"\" width=\"2190\" height=\"1547\" srcset=\"https:\/\/www.g-portfolio.com\/wp-content\/uploads\/2017\/03\/1-3.png 2190w, https:\/\/www.g-portfolio.com\/wp-content\/uploads\/2017\/03\/1-3-300x212.png 300w, https:\/\/www.g-portfolio.com\/wp-content\/uploads\/2017\/03\/1-3-768x543.png 768w, https:\/\/www.g-portfolio.com\/wp-content\/uploads\/2017\/03\/1-3-700x494.png 700w\" sizes=\"(max-width: 706px) 89vw, (max-width: 767px) 82vw, 740px\" \/><img loading=\"lazy\" decoding=\"async\" class=\"alignnone size-full wp-image-637\" src=\"http:\/\/www.g-portfolio.com\/wp-content\/uploads\/2017\/03\/3.png\" alt=\"\" width=\"2189\" height=\"1546\" srcset=\"https:\/\/www.g-portfolio.com\/wp-content\/uploads\/2017\/03\/3.png 2189w, https:\/\/www.g-portfolio.com\/wp-content\/uploads\/2017\/03\/3-300x212.png 300w, https:\/\/www.g-portfolio.com\/wp-content\/uploads\/2017\/03\/3-768x542.png 768w, https:\/\/www.g-portfolio.com\/wp-content\/uploads\/2017\/03\/3-700x494.png 700w\" sizes=\"(max-width: 706px) 89vw, (max-width: 767px) 82vw, 740px\" \/><img loading=\"lazy\" decoding=\"async\" class=\"alignnone size-full wp-image-638\" src=\"http:\/\/www.g-portfolio.com\/wp-content\/uploads\/2017\/03\/2-1.png\" alt=\"\" width=\"2189\" height=\"1546\" srcset=\"https:\/\/www.g-portfolio.com\/wp-content\/uploads\/2017\/03\/2-1.png 2189w, https:\/\/www.g-portfolio.com\/wp-content\/uploads\/2017\/03\/2-1-300x212.png 300w, https:\/\/www.g-portfolio.com\/wp-content\/uploads\/2017\/03\/2-1-768x542.png 768w, https:\/\/www.g-portfolio.com\/wp-content\/uploads\/2017\/03\/2-1-700x494.png 700w\" sizes=\"(max-width: 706px) 89vw, (max-width: 767px) 82vw, 740px\" \/><\/p>\n<p>Packaging \u00a0made for Inarea.<\/p>\n<p>Two boards for realisation of the packaging of a bottle wine box which maintains the \u00a0original form of the company.<\/p>\n<p><img loading=\"lazy\" decoding=\"async\" class=\"alignnone size-full wp-image-628\" src=\"http:\/\/www.g-portfolio.com\/wp-content\/uploads\/2017\/03\/grigio-1.png\" alt=\"\" width=\"1021\" height=\"538\" srcset=\"https:\/\/www.g-portfolio.com\/wp-content\/uploads\/2017\/03\/grigio-1.png 1021w, https:\/\/www.g-portfolio.com\/wp-content\/uploads\/2017\/03\/grigio-1-300x158.png 300w, https:\/\/www.g-portfolio.com\/wp-content\/uploads\/2017\/03\/grigio-1-768x405.png 768w, https:\/\/www.g-portfolio.com\/wp-content\/uploads\/2017\/03\/grigio-1-700x369.png 700w\" sizes=\"(max-width: 706px) 89vw, (max-width: 767px) 82vw, 740px\" \/><img loading=\"lazy\" decoding=\"async\" class=\"alignnone size-full wp-image-651\" src=\"http:\/\/www.g-portfolio.com\/wp-content\/uploads\/2017\/03\/giallo.png\" alt=\"\" width=\"2125\" height=\"1131\" srcset=\"https:\/\/www.g-portfolio.com\/wp-content\/uploads\/2017\/03\/giallo.png 2125w, https:\/\/www.g-portfolio.com\/wp-content\/uploads\/2017\/03\/giallo-300x160.png 300w, https:\/\/www.g-portfolio.com\/wp-content\/uploads\/2017\/03\/giallo-768x409.png 768w, https:\/\/www.g-portfolio.com\/wp-content\/uploads\/2017\/03\/giallo-700x373.png 700w\" sizes=\"(max-width: 706px) 89vw, (max-width: 767px) 82vw, 740px\" \/><img loading=\"lazy\" decoding=\"async\" class=\"alignnone size-full wp-image-1795\" src=\"http:\/\/www.g-portfolio.com\/wp-content\/uploads\/2019\/12\/untitled.1867.jpg\" alt=\"\" width=\"1920\" height=\"1011\" srcset=\"https:\/\/www.g-portfolio.com\/wp-content\/uploads\/2019\/12\/untitled.1867.jpg 1920w, https:\/\/www.g-portfolio.com\/wp-content\/uploads\/2019\/12\/untitled.1867-300x158.jpg 300w, https:\/\/www.g-portfolio.com\/wp-content\/uploads\/2019\/12\/untitled.1867-700x369.jpg 700w, https:\/\/www.g-portfolio.com\/wp-content\/uploads\/2019\/12\/untitled.1867-768x404.jpg 768w, https:\/\/www.g-portfolio.com\/wp-content\/uploads\/2019\/12\/untitled.1867-1536x809.jpg 1536w\" sizes=\"(max-width: 706px) 89vw, (max-width: 767px) 82vw, 740px\" \/>Packaging \u00a0made for Inarea.<\/p>\n<p>Four boards for realisation of a calendar which maintains the \u00a0original form of the company.<\/p>\n<p><img loading=\"lazy\" decoding=\"async\" class=\"alignnone size-full wp-image-646\" src=\"http:\/\/www.g-portfolio.com\/wp-content\/uploads\/2017\/03\/batai.626-1024x539.jpg\" alt=\"\" width=\"1024\" height=\"539\" srcset=\"https:\/\/www.g-portfolio.com\/wp-content\/uploads\/2017\/03\/batai.626-1024x539.jpg 1024w, https:\/\/www.g-portfolio.com\/wp-content\/uploads\/2017\/03\/batai.626-1024x539-300x158.jpg 300w, https:\/\/www.g-portfolio.com\/wp-content\/uploads\/2017\/03\/batai.626-1024x539-768x404.jpg 768w, https:\/\/www.g-portfolio.com\/wp-content\/uploads\/2017\/03\/batai.626-1024x539-700x368.jpg 700w\" sizes=\"(max-width: 706px) 89vw, (max-width: 767px) 82vw, 740px\" \/><img loading=\"lazy\" decoding=\"async\" class=\"alignnone size-full wp-image-672\" src=\"http:\/\/www.g-portfolio.com\/wp-content\/uploads\/2017\/03\/batai.628.jpg\" alt=\"\" width=\"1920\" height=\"1011\" srcset=\"https:\/\/www.g-portfolio.com\/wp-content\/uploads\/2017\/03\/batai.628.jpg 1920w, https:\/\/www.g-portfolio.com\/wp-content\/uploads\/2017\/03\/batai.628-300x158.jpg 300w, https:\/\/www.g-portfolio.com\/wp-content\/uploads\/2017\/03\/batai.628-768x404.jpg 768w, https:\/\/www.g-portfolio.com\/wp-content\/uploads\/2017\/03\/batai.628-700x369.jpg 700w\" sizes=\"(max-width: 706px) 89vw, (max-width: 767px) 82vw, 740px\" \/><img loading=\"lazy\" decoding=\"async\" class=\"alignnone size-full wp-image-673\" src=\"http:\/\/www.g-portfolio.com\/wp-content\/uploads\/2017\/03\/gugu2.647.jpg\" alt=\"\" width=\"1920\" height=\"1011\" srcset=\"https:\/\/www.g-portfolio.com\/wp-content\/uploads\/2017\/03\/gugu2.647.jpg 1920w, https:\/\/www.g-portfolio.com\/wp-content\/uploads\/2017\/03\/gugu2.647-300x158.jpg 300w, https:\/\/www.g-portfolio.com\/wp-content\/uploads\/2017\/03\/gugu2.647-768x404.jpg 768w, https:\/\/www.g-portfolio.com\/wp-content\/uploads\/2017\/03\/gugu2.647-700x369.jpg 700w\" sizes=\"(max-width: 706px) 89vw, (max-width: 767px) 82vw, 740px\" \/><img loading=\"lazy\" decoding=\"async\" class=\"alignnone size-full wp-image-675\" src=\"http:\/\/www.g-portfolio.com\/wp-content\/uploads\/2017\/03\/gugu2.645.jpg\" alt=\"\" width=\"1920\" height=\"1011\" srcset=\"https:\/\/www.g-portfolio.com\/wp-content\/uploads\/2017\/03\/gugu2.645.jpg 1920w, https:\/\/www.g-portfolio.com\/wp-content\/uploads\/2017\/03\/gugu2.645-300x158.jpg 300w, https:\/\/www.g-portfolio.com\/wp-content\/uploads\/2017\/03\/gugu2.645-768x404.jpg 768w, https:\/\/www.g-portfolio.com\/wp-content\/uploads\/2017\/03\/gugu2.645-700x369.jpg 700w\" sizes=\"(max-width: 706px) 89vw, (max-width: 767px) 82vw, 740px\" \/><\/p>\n<p>Packaging \u00a0made for Inarea.<\/p>\n<p>One board for realisation of the packaging of a jewellery box which maintains the \u00a0original form of the company.<\/p>\n<p><img loading=\"lazy\" decoding=\"async\" class=\"alignnone size-full wp-image-1234\" src=\"http:\/\/www.g-portfolio.com\/wp-content\/uploads\/2017\/03\/12697180_790033864464261_3445768604695577233_o.jpg\" alt=\"\" width=\"1920\" height=\"1011\" srcset=\"https:\/\/www.g-portfolio.com\/wp-content\/uploads\/2017\/03\/12697180_790033864464261_3445768604695577233_o.jpg 1920w, https:\/\/www.g-portfolio.com\/wp-content\/uploads\/2017\/03\/12697180_790033864464261_3445768604695577233_o-300x158.jpg 300w, https:\/\/www.g-portfolio.com\/wp-content\/uploads\/2017\/03\/12697180_790033864464261_3445768604695577233_o-768x404.jpg 768w, https:\/\/www.g-portfolio.com\/wp-content\/uploads\/2017\/03\/12697180_790033864464261_3445768604695577233_o-700x369.jpg 700w\" sizes=\"(max-width: 706px) 89vw, (max-width: 767px) 82vw, 740px\" \/><\/p>\n<p>Packaging \u00a0made for case study.<\/p>\n<p>Two boards on the realisation of sweets packaging.<\/p>\n<p><img loading=\"lazy\" decoding=\"async\" class=\"alignnone size-full wp-image-1065\" src=\"http:\/\/www.g-portfolio.com\/wp-content\/uploads\/2017\/03\/packaging-2-2000x1075-4.png\" alt=\"\" width=\"734\" height=\"1034\" srcset=\"https:\/\/www.g-portfolio.com\/wp-content\/uploads\/2017\/03\/packaging-2-2000x1075-4.png 734w, https:\/\/www.g-portfolio.com\/wp-content\/uploads\/2017\/03\/packaging-2-2000x1075-4-213x300.png 213w, https:\/\/www.g-portfolio.com\/wp-content\/uploads\/2017\/03\/packaging-2-2000x1075-4-700x986.png 700w\" sizes=\"(max-width: 734px) 100vw, 734px\" \/><img loading=\"lazy\" decoding=\"async\" class=\"alignnone size-full wp-image-678\" src=\"http:\/\/www.g-portfolio.com\/wp-content\/uploads\/2017\/03\/Muskatas_foto.png\" alt=\"\" width=\"1596\" height=\"1118\" srcset=\"https:\/\/www.g-portfolio.com\/wp-content\/uploads\/2017\/03\/Muskatas_foto.png 1596w, https:\/\/www.g-portfolio.com\/wp-content\/uploads\/2017\/03\/Muskatas_foto-300x210.png 300w, https:\/\/www.g-portfolio.com\/wp-content\/uploads\/2017\/03\/Muskatas_foto-768x538.png 768w, https:\/\/www.g-portfolio.com\/wp-content\/uploads\/2017\/03\/Muskatas_foto-700x490.png 700w\" sizes=\"(max-width: 706px) 89vw, (max-width: 767px) 82vw, 740px\" \/><\/p>\n<p>copyright \u00a9 G-portfolio<\/p>\n","protected":false},"excerpt":{"rendered":"<p>F\u00fcr Pru\u00dfland &#8211; F\u00fcr die Freiheit &#8211; the packaging design_a system for different lives &#8211; different \u00a0things &#8211; mix everywhere &#8211; different point of view &#8211; diplomatic way in all sense or everywhere Packaging \u00a0made for Inarea. Three boards for realisation of a shopper bag which maintains the \u00a0original form of the company. Packaging \u00a0made &hellip; <\/p>\n<p class=\"link-more\"><a href=\"https:\/\/www.g-portfolio.com\/index.php\/packaging-design\/\" class=\"more-link\">Continue reading<span class=\"screen-reader-text\"> &#8220;packaging design&#8221;<\/span><\/a><\/p>\n","protected":false},"author":1,"featured_media":0,"parent":0,"menu_order":0,"comment_status":"closed","ping_status":"closed","template":"","meta":{"footnotes":""},"_links":{"self":[{"href":"https:\/\/www.g-portfolio.com\/index.php\/wp-json\/wp\/v2\/pages\/239"}],"collection":[{"href":"https:\/\/www.g-portfolio.com\/index.php\/wp-json\/wp\/v2\/pages"}],"about":[{"href":"https:\/\/www.g-portfolio.com\/index.php\/wp-json\/wp\/v2\/types\/page"}],"author":[{"embeddable":true,"href":"https:\/\/www.g-portfolio.com\/index.php\/wp-json\/wp\/v2\/users\/1"}],"replies":[{"embeddable":true,"href":"https:\/\/www.g-portfolio.com\/index.php\/wp-json\/wp\/v2\/comments?post=239"}],"version-history":[{"count":35,"href":"https:\/\/www.g-portfolio.com\/index.php\/wp-json\/wp\/v2\/pages\/239\/revisions"}],"predecessor-version":[{"id":2236,"href":"https:\/\/www.g-portfolio.com\/index.php\/wp-json\/wp\/v2\/pages\/239\/revisions\/2236"}],"wp:attachment":[{"href":"https:\/\/www.g-portfolio.com\/index.php\/wp-json\/wp\/v2\/media?parent=239"}],"curies":[{"name":"wp","href":"https:\/\/api.w.org\/{rel}","templated":true}]}}