{"id":245,"date":"2017-03-20T10:34:14","date_gmt":"2017-03-20T10:34:14","guid":{"rendered":"http:\/\/www.g-portfolio.com\/?page_id=245"},"modified":"2026-03-22T11:31:35","modified_gmt":"2026-03-22T11:31:35","slug":"identity_brand-design","status":"publish","type":"page","link":"https:\/\/www.g-portfolio.com\/index.php\/identity_brand-design\/","title":{"rendered":"brand identity"},"content":{"rendered":"\n<p>Creation of a new Vatican Museums SKYLINE, an alternative sign to the brand; creation of a different merchandising lines, editorial design, product design<\/p>\n\n\n\n<figure class=\"wp-block-image size-large is-resized\"><img loading=\"lazy\" decoding=\"async\" src=\"https:\/\/www.g-portfolio.com\/wp-content\/uploads\/2023\/05\/Screenshot-2023-05-06-at-10.52.48-AM-700x392.png\" alt=\"\" class=\"wp-image-2243\" width=\"674\" height=\"377\" srcset=\"https:\/\/www.g-portfolio.com\/wp-content\/uploads\/2023\/05\/Screenshot-2023-05-06-at-10.52.48-AM-700x392.png 700w, https:\/\/www.g-portfolio.com\/wp-content\/uploads\/2023\/05\/Screenshot-2023-05-06-at-10.52.48-AM-300x168.png 300w, https:\/\/www.g-portfolio.com\/wp-content\/uploads\/2023\/05\/Screenshot-2023-05-06-at-10.52.48-AM-768x430.png 768w, https:\/\/www.g-portfolio.com\/wp-content\/uploads\/2023\/05\/Screenshot-2023-05-06-at-10.52.48-AM-1536x860.png 1536w, https:\/\/www.g-portfolio.com\/wp-content\/uploads\/2023\/05\/Screenshot-2023-05-06-at-10.52.48-AM-2048x1147.png 2048w\" sizes=\"(max-width: 674px) 100vw, 674px\" \/><\/figure>\n\n\n\n<figure class=\"wp-block-image size-large\"><img loading=\"lazy\" decoding=\"async\" width=\"700\" height=\"392\" src=\"https:\/\/www.g-portfolio.com\/wp-content\/uploads\/2023\/05\/Screenshot-2023-05-06-at-10.51.47-AM-700x392.png\" alt=\"\" class=\"wp-image-2245\" srcset=\"https:\/\/www.g-portfolio.com\/wp-content\/uploads\/2023\/05\/Screenshot-2023-05-06-at-10.51.47-AM-700x392.png 700w, https:\/\/www.g-portfolio.com\/wp-content\/uploads\/2023\/05\/Screenshot-2023-05-06-at-10.51.47-AM-300x168.png 300w, https:\/\/www.g-portfolio.com\/wp-content\/uploads\/2023\/05\/Screenshot-2023-05-06-at-10.51.47-AM-768x430.png 768w, https:\/\/www.g-portfolio.com\/wp-content\/uploads\/2023\/05\/Screenshot-2023-05-06-at-10.51.47-AM-1536x860.png 1536w, https:\/\/www.g-portfolio.com\/wp-content\/uploads\/2023\/05\/Screenshot-2023-05-06-at-10.51.47-AM-2048x1147.png 2048w\" sizes=\"(max-width: 700px) 100vw, 700px\" \/><\/figure>\n\n\n\n<figure class=\"wp-block-image size-large\"><img loading=\"lazy\" decoding=\"async\" width=\"700\" height=\"392\" src=\"https:\/\/www.g-portfolio.com\/wp-content\/uploads\/2023\/05\/Screenshot-2023-05-06-at-10.52.15-AM-700x392.png\" alt=\"\" class=\"wp-image-2246\" srcset=\"https:\/\/www.g-portfolio.com\/wp-content\/uploads\/2023\/05\/Screenshot-2023-05-06-at-10.52.15-AM-700x392.png 700w, https:\/\/www.g-portfolio.com\/wp-content\/uploads\/2023\/05\/Screenshot-2023-05-06-at-10.52.15-AM-300x168.png 300w, https:\/\/www.g-portfolio.com\/wp-content\/uploads\/2023\/05\/Screenshot-2023-05-06-at-10.52.15-AM-768x430.png 768w, https:\/\/www.g-portfolio.com\/wp-content\/uploads\/2023\/05\/Screenshot-2023-05-06-at-10.52.15-AM-1536x860.png 1536w, https:\/\/www.g-portfolio.com\/wp-content\/uploads\/2023\/05\/Screenshot-2023-05-06-at-10.52.15-AM-2048x1147.png 2048w\" sizes=\"(max-width: 700px) 100vw, 700px\" \/><\/figure>\n\n\n\n<figure class=\"wp-block-image size-large\"><img loading=\"lazy\" decoding=\"async\" width=\"700\" height=\"392\" src=\"https:\/\/www.g-portfolio.com\/wp-content\/uploads\/2023\/05\/Screenshot-2023-05-06-at-10.52.27-AM-700x392.png\" alt=\"\" class=\"wp-image-2247\" srcset=\"https:\/\/www.g-portfolio.com\/wp-content\/uploads\/2023\/05\/Screenshot-2023-05-06-at-10.52.27-AM-700x392.png 700w, https:\/\/www.g-portfolio.com\/wp-content\/uploads\/2023\/05\/Screenshot-2023-05-06-at-10.52.27-AM-300x168.png 300w, https:\/\/www.g-portfolio.com\/wp-content\/uploads\/2023\/05\/Screenshot-2023-05-06-at-10.52.27-AM-768x430.png 768w, https:\/\/www.g-portfolio.com\/wp-content\/uploads\/2023\/05\/Screenshot-2023-05-06-at-10.52.27-AM-1536x860.png 1536w, https:\/\/www.g-portfolio.com\/wp-content\/uploads\/2023\/05\/Screenshot-2023-05-06-at-10.52.27-AM-2048x1147.png 2048w\" sizes=\"(max-width: 700px) 100vw, 700px\" \/><\/figure>\n\n\n\n<p>Eur &#8211; la citt\u00e0 nella citt\u00e0<\/p>\n\n\n<p style=\"text-align: left;\"><img loading=\"lazy\" decoding=\"async\" src=\"http:\/\/www.g-portfolio.com\/wp-content\/uploads\/2019\/12\/G.book-05.png\" alt=\"\" width=\"4726\" height=\"4725\" \/><img loading=\"lazy\" decoding=\"async\" src=\"http:\/\/www.g-portfolio.com\/wp-content\/uploads\/2019\/12\/G.book-06.png\" alt=\"\" width=\"4726\" height=\"4725\" \/><img loading=\"lazy\" decoding=\"async\" src=\"http:\/\/www.g-portfolio.com\/wp-content\/uploads\/2019\/12\/G.book-07.png\" alt=\"\" width=\"4725\" height=\"4726\" \/><img loading=\"lazy\" decoding=\"async\" src=\"https:\/\/www.g-portfolio.com\/wp-content\/uploads\/2020\/11\/Untitled-2-17-700x495.png\" alt=\"\" width=\"525\" height=\"371\" \/><img loading=\"lazy\" decoding=\"async\" src=\"https:\/\/www.g-portfolio.com\/wp-content\/uploads\/2020\/11\/Untitled-2-21-700x495.png\" alt=\"\" width=\"525\" height=\"371\" \/><\/p>\n<p>Brand Identity for Jugenstill, Hamburg with vectorial elements.<\/p>\n<p><img loading=\"lazy\" decoding=\"async\" class=\"alignnone size-large wp-image-2184\" src=\"https:\/\/www.g-portfolio.com\/wp-content\/uploads\/2021\/04\/Jugenstill-700x700.png\" alt=\"\" width=\"525\" height=\"525\" srcset=\"https:\/\/www.g-portfolio.com\/wp-content\/uploads\/2021\/04\/Jugenstill-700x700.png 700w, https:\/\/www.g-portfolio.com\/wp-content\/uploads\/2021\/04\/Jugenstill-300x300.png 300w, https:\/\/www.g-portfolio.com\/wp-content\/uploads\/2021\/04\/Jugenstill-150x150.png 150w, https:\/\/www.g-portfolio.com\/wp-content\/uploads\/2021\/04\/Jugenstill-768x768.png 768w, https:\/\/www.g-portfolio.com\/wp-content\/uploads\/2021\/04\/Jugenstill-1536x1536.png 1536w, https:\/\/www.g-portfolio.com\/wp-content\/uploads\/2021\/04\/Jugenstill-2048x2048.png 2048w, https:\/\/www.g-portfolio.com\/wp-content\/uploads\/2021\/04\/Jugenstill-100x100.png 100w\" sizes=\"(max-width: 525px) 100vw, 525px\" \/><img loading=\"lazy\" decoding=\"async\" class=\"alignnone size-large wp-image-2186\" src=\"https:\/\/www.g-portfolio.com\/wp-content\/uploads\/2021\/04\/boxes_1_red-700x700.png\" alt=\"\" width=\"525\" height=\"525\" srcset=\"https:\/\/www.g-portfolio.com\/wp-content\/uploads\/2021\/04\/boxes_1_red-700x700.png 700w, https:\/\/www.g-portfolio.com\/wp-content\/uploads\/2021\/04\/boxes_1_red-300x300.png 300w, https:\/\/www.g-portfolio.com\/wp-content\/uploads\/2021\/04\/boxes_1_red-150x150.png 150w, https:\/\/www.g-portfolio.com\/wp-content\/uploads\/2021\/04\/boxes_1_red-768x768.png 768w, https:\/\/www.g-portfolio.com\/wp-content\/uploads\/2021\/04\/boxes_1_red-1536x1536.png 1536w, https:\/\/www.g-portfolio.com\/wp-content\/uploads\/2021\/04\/boxes_1_red-2048x2048.png 2048w, https:\/\/www.g-portfolio.com\/wp-content\/uploads\/2021\/04\/boxes_1_red-100x100.png 100w\" sizes=\"(max-width: 525px) 100vw, 525px\" \/><img loading=\"lazy\" decoding=\"async\" class=\"alignnone size-large wp-image-2187\" src=\"https:\/\/www.g-portfolio.com\/wp-content\/uploads\/2021\/04\/book-with-box-700x700.png\" alt=\"\" width=\"525\" height=\"525\" srcset=\"https:\/\/www.g-portfolio.com\/wp-content\/uploads\/2021\/04\/book-with-box-700x700.png 700w, https:\/\/www.g-portfolio.com\/wp-content\/uploads\/2021\/04\/book-with-box-300x300.png 300w, https:\/\/www.g-portfolio.com\/wp-content\/uploads\/2021\/04\/book-with-box-150x150.png 150w, https:\/\/www.g-portfolio.com\/wp-content\/uploads\/2021\/04\/book-with-box-768x768.png 768w, https:\/\/www.g-portfolio.com\/wp-content\/uploads\/2021\/04\/book-with-box-1536x1536.png 1536w, https:\/\/www.g-portfolio.com\/wp-content\/uploads\/2021\/04\/book-with-box-2048x2048.png 2048w, https:\/\/www.g-portfolio.com\/wp-content\/uploads\/2021\/04\/book-with-box-100x100.png 100w\" sizes=\"(max-width: 525px) 100vw, 525px\" \/><img loading=\"lazy\" decoding=\"async\" class=\"alignnone size-large wp-image-2188\" src=\"https:\/\/www.g-portfolio.com\/wp-content\/uploads\/2021\/04\/JnG.Still_.3png-700x700.png\" alt=\"\" width=\"525\" height=\"525\" srcset=\"https:\/\/www.g-portfolio.com\/wp-content\/uploads\/2021\/04\/JnG.Still_.3png-700x700.png 700w, https:\/\/www.g-portfolio.com\/wp-content\/uploads\/2021\/04\/JnG.Still_.3png-300x300.png 300w, https:\/\/www.g-portfolio.com\/wp-content\/uploads\/2021\/04\/JnG.Still_.3png-150x150.png 150w, https:\/\/www.g-portfolio.com\/wp-content\/uploads\/2021\/04\/JnG.Still_.3png-768x768.png 768w, https:\/\/www.g-portfolio.com\/wp-content\/uploads\/2021\/04\/JnG.Still_.3png-1536x1536.png 1536w, https:\/\/www.g-portfolio.com\/wp-content\/uploads\/2021\/04\/JnG.Still_.3png-100x100.png 100w, https:\/\/www.g-portfolio.com\/wp-content\/uploads\/2021\/04\/JnG.Still_.3png.png 1800w\" sizes=\"(max-width: 525px) 100vw, 525px\" \/><\/p>\n<p style=\"text-align: left;\">Brand identity for a start up Lithuanian brand \u017delda, with ethnographic elements.<\/p>\n<p><img loading=\"lazy\" decoding=\"async\" src=\"http:\/\/www.g-portfolio.com\/wp-content\/uploads\/2020\/10\/g-portfolio-book-PNG-12-700x700.png\" alt=\"\" width=\"525\" height=\"525\" \/><img loading=\"lazy\" decoding=\"async\" src=\"http:\/\/www.g-portfolio.com\/wp-content\/uploads\/2020\/10\/g-portfolio-book-PNG-13-700x700.png\" alt=\"\" width=\"525\" height=\"525\" \/><img loading=\"lazy\" decoding=\"async\" src=\"http:\/\/www.g-portfolio.com\/wp-content\/uploads\/2020\/10\/g-portfolio-book-PNG-14-700x700.png\" alt=\"\" width=\"525\" height=\"525\" \/><img loading=\"lazy\" decoding=\"async\" src=\"http:\/\/www.g-portfolio.com\/wp-content\/uploads\/2020\/10\/g-portfolio-book-PNG-15-700x700.png\" alt=\"\" width=\"525\" height=\"525\" \/><\/p>\n<p>Brand Identity for Italian food home &#8211; Gustalto.\/ L&#8217;immagine coordinata per la casa &#8211; Gustalto; il marchio del cibo italiano.<\/p>\n<p><img loading=\"lazy\" decoding=\"async\" src=\"https:\/\/www.g-portfolio.com\/wp-content\/uploads\/2020\/11\/step_by_step_gustavo_200-dpi-700x2431.png\" alt=\"\" width=\"525\" height=\"1823\" \/><\/p>\n<p style=\"text-align: left;\">Brand identity for a start up Lithuanian fashion brand, Lucky Button. Elements of briefing: young, free , stylish, ethnographic.<\/p>\n<p><img loading=\"lazy\" decoding=\"async\" src=\"http:\/\/www.g-portfolio.com\/wp-content\/uploads\/2017\/03\/2000_1200_lucky-button.png\" alt=\"\" width=\"2000\" height=\"1200\" \/><img loading=\"lazy\" decoding=\"async\" src=\"http:\/\/www.g-portfolio.com\/wp-content\/uploads\/2017\/03\/lucky_botton_1-2.png\" alt=\"\" width=\"875\" height=\"456\" \/><img loading=\"lazy\" decoding=\"async\" src=\"http:\/\/www.g-portfolio.com\/wp-content\/uploads\/2017\/03\/lucky_botton_shorter-1.png\" alt=\"\" width=\"870\" height=\"7767\" \/>\u00a0<\/p>\n<p>Brand identity for a gardening firm, \u017delda.\u00a0Elements of briefing: creativity, nature,\u00a0the power of nature.<\/p>\n<p><img loading=\"lazy\" decoding=\"async\" src=\"http:\/\/www.g-portfolio.com\/wp-content\/uploads\/2017\/03\/zelda_mockup.png\" alt=\"\" width=\"1172\" height=\"8191\" \/><\/p>\n<p>Brand identity for Lithuanian orthopedic clinic Kaidens.<\/p>\n<p><img loading=\"lazy\" decoding=\"async\" class=\"alignnone size-large wp-image-2165\" src=\"https:\/\/www.g-portfolio.com\/wp-content\/uploads\/2021\/02\/kaidens_mock_up_2_-700x2554.png\" alt=\"\" width=\"525\" height=\"1916\" srcset=\"https:\/\/www.g-portfolio.com\/wp-content\/uploads\/2021\/02\/kaidens_mock_up_2_-700x2554.png 700w, https:\/\/www.g-portfolio.com\/wp-content\/uploads\/2021\/02\/kaidens_mock_up_2_-82x300.png 82w, https:\/\/www.g-portfolio.com\/wp-content\/uploads\/2021\/02\/kaidens_mock_up_2_-768x2802.png 768w, https:\/\/www.g-portfolio.com\/wp-content\/uploads\/2021\/02\/kaidens_mock_up_2_-421x1536.png 421w, https:\/\/www.g-portfolio.com\/wp-content\/uploads\/2021\/02\/kaidens_mock_up_2_-561x2048.png 561w, https:\/\/www.g-portfolio.com\/wp-content\/uploads\/2021\/02\/kaidens_mock_up_2_.png 1922w\" sizes=\"(max-width: 525px) 100vw, 525px\" \/><\/p>\n<p>copyright \u00a9 G-portfolio<\/p>","protected":false},"excerpt":{"rendered":"<p>Creation of a new Vatican Museums SKYLINE, an alternative sign to the brand; creation of a different merchandising lines, editorial design, product design Eur &#8211; la citt\u00e0 nella citt\u00e0 Brand Identity for Jugenstill, Hamburg with vectorial elements. Brand identity for a start up Lithuanian brand \u017delda, with ethnographic elements. Brand Identity for Italian food home &hellip; <\/p>\n<p class=\"link-more\"><a href=\"https:\/\/www.g-portfolio.com\/index.php\/identity_brand-design\/\" class=\"more-link\">Continue reading<span class=\"screen-reader-text\"> &#8220;brand identity&#8221;<\/span><\/a><\/p>\n","protected":false},"author":1,"featured_media":0,"parent":0,"menu_order":0,"comment_status":"closed","ping_status":"closed","template":"","meta":{"footnotes":""},"_links":{"self":[{"href":"https:\/\/www.g-portfolio.com\/index.php\/wp-json\/wp\/v2\/pages\/245"}],"collection":[{"href":"https:\/\/www.g-portfolio.com\/index.php\/wp-json\/wp\/v2\/pages"}],"about":[{"href":"https:\/\/www.g-portfolio.com\/index.php\/wp-json\/wp\/v2\/types\/page"}],"author":[{"embeddable":true,"href":"https:\/\/www.g-portfolio.com\/index.php\/wp-json\/wp\/v2\/users\/1"}],"replies":[{"embeddable":true,"href":"https:\/\/www.g-portfolio.com\/index.php\/wp-json\/wp\/v2\/comments?post=245"}],"version-history":[{"count":58,"href":"https:\/\/www.g-portfolio.com\/index.php\/wp-json\/wp\/v2\/pages\/245\/revisions"}],"predecessor-version":[{"id":2248,"href":"https:\/\/www.g-portfolio.com\/index.php\/wp-json\/wp\/v2\/pages\/245\/revisions\/2248"}],"wp:attachment":[{"href":"https:\/\/www.g-portfolio.com\/index.php\/wp-json\/wp\/v2\/media?parent=245"}],"curies":[{"name":"wp","href":"https:\/\/api.w.org\/{rel}","templated":true}]}}