{"id":256,"date":"2017-03-20T10:38:53","date_gmt":"2017-03-20T10:38:53","guid":{"rendered":"http:\/\/www.g-portfolio.com\/?page_id=256"},"modified":"2026-03-15T08:48:42","modified_gmt":"2026-03-15T08:48:42","slug":"collages","status":"publish","type":"page","link":"https:\/\/www.g-portfolio.com\/index.php\/collages\/","title":{"rendered":"digital collages"},"content":{"rendered":"\t\t<div data-elementor-type=\"wp-page\" data-elementor-id=\"256\" class=\"elementor elementor-256\">\n\t\t\t\t\t\t<div class=\"elementor-inner\">\n\t\t\t\t<div class=\"elementor-section-wrap\">\n\t\t\t\t\t\t\t\t\t<section class=\"elementor-section elementor-top-section elementor-element elementor-element-4e1bb42b elementor-section-boxed elementor-section-height-default elementor-section-height-default\" data-id=\"4e1bb42b\" data-element_type=\"section\">\n\t\t\t\t\t\t<div class=\"elementor-container elementor-column-gap-default\">\n\t\t\t\t\t\t\t<div class=\"elementor-row\">\n\t\t\t\t\t<div class=\"elementor-column elementor-col-100 elementor-top-column elementor-element elementor-element-4549d8f4\" data-id=\"4549d8f4\" data-element_type=\"column\">\n\t\t\t<div class=\"elementor-column-wrap elementor-element-populated\">\n\t\t\t\t\t\t\t<div class=\"elementor-widget-wrap\">\n\t\t\t\t\t\t<div class=\"elementor-element elementor-element-3b1fc9ed elementor-widget elementor-widget-text-editor\" data-id=\"3b1fc9ed\" data-element_type=\"widget\" data-widget_type=\"text-editor.default\">\n\t\t\t\t<div class=\"elementor-widget-container\">\n\t\t\t\t\t\t\t\t<div class=\"elementor-text-editor elementor-clearfix\">\n\t\t\t\t<p>Digital colleges are my passion.<\/p>\n<p>l love create collages since I discovered this technique during my studies in Rome. My preferred trimming subjects comes from nature, history, music and ballet. In each work I try to use a new creative trail, different colors, themes and fragments. The pictures can be read as a whole\u00a0and in its details.<\/p>\n<p>&#8220;Neve&#8221; &#8211; Krintantis sniegas &#8211; Neve Cadente&#8230;&#8221;Sta Nevicando&#8221;<\/p>\n<p><em><span style=\"color: #999999;\">Sulla punta delle dita&#8230;<\/span><\/em><\/p>\n<p><em><span style=\"color: #999999;\">a me Natale \u00e8 sempre, mi chiedi perch\u00e9, perch\u00e9 quando nevica&#8230;c\u2019\u00e8 il spirito della gioia e l\u2019amore.<\/span><\/em><\/p>\n<p><img loading=\"lazy\" decoding=\"async\" src=\"http:\/\/www.g-portfolio.com\/wp-content\/uploads\/2017\/03\/krintantis_sniegas.png\" alt=\"\" width=\"515\" height=\"366\" \/><\/p>\n<p>&#8220;Fashion is my passion&#8221;<\/p>\n<p><img loading=\"lazy\" decoding=\"async\" src=\"http:\/\/www.g-portfolio.com\/wp-content\/uploads\/2018\/10\/passione.jpg\" alt=\"\" width=\"1181\" height=\"489\" \/><\/p>\n<p>&#8220;Medicine_Orthopedy&#8221;<\/p>\n<p><img loading=\"lazy\" decoding=\"async\" src=\"http:\/\/www.g-portfolio.com\/wp-content\/uploads\/2017\/03\/collage_medicine_orthopedy_for_Daddies_orthopedic_resident.png\" alt=\"\" width=\"515\" height=\"371\" \/><\/p>\n<p>&#8220;Cold Morning&#8221;<\/p>\n<p><img loading=\"lazy\" decoding=\"async\" src=\"http:\/\/www.g-portfolio.com\/wp-content\/uploads\/2017\/03\/cold-winter-morning.png\" alt=\"\" width=\"515\" height=\"224\" \/><\/p>\n<p>&#8220;Spring spice&#8221;<\/p>\n<p><img loading=\"lazy\" decoding=\"async\" src=\"http:\/\/www.g-portfolio.com\/wp-content\/uploads\/2017\/03\/spring-collage.png\" alt=\"\" width=\"515\" height=\"592\" \/><\/p>\n<p>&#8220;Joyeux Noel_l&#8217;Amour&#8221;<\/p>\n<p><img loading=\"lazy\" decoding=\"async\" src=\"http:\/\/www.g-portfolio.com\/wp-content\/uploads\/2017\/03\/lamour.png\" alt=\"\" width=\"515\" height=\"387\" \/><\/p>\n<p>&#8220;L&#8217;inverno sta arrivando&#8221;<\/p>\n<p><img loading=\"lazy\" decoding=\"async\" src=\"http:\/\/www.g-portfolio.com\/wp-content\/uploads\/2017\/03\/linverno-st-arivando.png\" alt=\"\" width=\"515\" height=\"517\" \/><\/p>\n<p>&#8220;L&#8217;Autunno&#8221;<\/p>\n<p><img loading=\"lazy\" decoding=\"async\" src=\"http:\/\/www.g-portfolio.com\/wp-content\/uploads\/2017\/03\/autumn.png\" alt=\"\" width=\"515\" height=\"291\" \/><\/p>\n<p>&#8220;L&#8217;inverno&#8221;<\/p>\n<p><img loading=\"lazy\" decoding=\"async\" src=\"http:\/\/www.g-portfolio.com\/wp-content\/uploads\/2019\/10\/Linverno-1.png\" alt=\"\" width=\"1024\" height=\"1024\" \/><\/p>\n<p>\u201cL&#8217;inverno\u201d<\/p>\n<p><img loading=\"lazy\" decoding=\"async\" src=\"http:\/\/www.g-portfolio.com\/wp-content\/uploads\/2020\/04\/winter_linverno-700x394.png\" alt=\"\" width=\"525\" height=\"296\" \/><\/p>\n<p>&#8230;quando c\u2019\u00e8 il vento sempre arriva L\u2019amore\u00a0&#8211; R&amp;M collage<\/p>\n<p><img loading=\"lazy\" decoding=\"async\" src=\"https:\/\/www.g-portfolio.com\/wp-content\/uploads\/2020\/11\/collage-weddings-700x583.png\" alt=\"\" width=\"525\" height=\"437\" \/><\/p>\n<p><span style=\"caret-color: #080809; color: #080809; font-family: system-ui, -apple-system, BlinkMacSystemFont, '.SFNSText-Regular', sans-serif; font-size: 15px;\">Hast du die Angst gef\u00fcllen &#8211; wirklich nie &#8211; dann wirst!<\/span><\/p>\n<p><img loading=\"lazy\" decoding=\"async\" src=\"https:\/\/www.g-portfolio.com\/wp-content\/uploads\/2026\/03\/rosso-diamante-4.png\" alt=\"\" width=\"1920\" height=\"1080\" \/><\/p>\n<p>copyright \u00a9 G-portfolio<\/p>\n<p><!-- wp:paragraph --><\/p>\n<p><!-- \/wp:paragraph --><\/p>\t\t\t\t\t<\/div>\n\t\t\t\t\t\t<\/div>\n\t\t\t\t<\/div>\n\t\t\t\t\t\t<\/div>\n\t\t\t\t\t<\/div>\n\t\t<\/div>\n\t\t\t\t\t\t\t\t<\/div>\n\t\t\t\t\t<\/div>\n\t\t<\/section>\n\t\t\t\t\t\t\t\t\t<\/div>\n\t\t\t<\/div>\n\t\t\t\t\t<\/div>\n\t\t","protected":false},"excerpt":{"rendered":"<p>Digital colleges are my passion. l love create collages since I discovered this technique during my studies in Rome. My preferred trimming subjects comes from nature, history, music and ballet. In each work I try to use a new creative trail, different colors, themes and fragments. The pictures can be read as a whole\u00a0and in &hellip; <\/p>\n<p class=\"link-more\"><a href=\"https:\/\/www.g-portfolio.com\/index.php\/collages\/\" class=\"more-link\">Continue reading<span class=\"screen-reader-text\"> &#8220;digital collages&#8221;<\/span><\/a><\/p>\n","protected":false},"author":1,"featured_media":0,"parent":0,"menu_order":0,"comment_status":"closed","ping_status":"closed","template":"","meta":{"footnotes":""},"_links":{"self":[{"href":"https:\/\/www.g-portfolio.com\/index.php\/wp-json\/wp\/v2\/pages\/256"}],"collection":[{"href":"https:\/\/www.g-portfolio.com\/index.php\/wp-json\/wp\/v2\/pages"}],"about":[{"href":"https:\/\/www.g-portfolio.com\/index.php\/wp-json\/wp\/v2\/types\/page"}],"author":[{"embeddable":true,"href":"https:\/\/www.g-portfolio.com\/index.php\/wp-json\/wp\/v2\/users\/1"}],"replies":[{"embeddable":true,"href":"https:\/\/www.g-portfolio.com\/index.php\/wp-json\/wp\/v2\/comments?post=256"}],"version-history":[{"count":31,"href":"https:\/\/www.g-portfolio.com\/index.php\/wp-json\/wp\/v2\/pages\/256\/revisions"}],"predecessor-version":[{"id":2476,"href":"https:\/\/www.g-portfolio.com\/index.php\/wp-json\/wp\/v2\/pages\/256\/revisions\/2476"}],"wp:attachment":[{"href":"https:\/\/www.g-portfolio.com\/index.php\/wp-json\/wp\/v2\/media?parent=256"}],"curies":[{"name":"wp","href":"https:\/\/api.w.org\/{rel}","templated":true}]}}