{"id":889,"date":"2017-04-03T13:11:08","date_gmt":"2017-04-03T13:11:08","guid":{"rendered":"http:\/\/www.g-portfolio.com\/?page_id=889"},"modified":"2017-04-10T16:44:23","modified_gmt":"2017-04-10T16:44:23","slug":"g-portfolio-2","status":"publish","type":"page","link":"https:\/\/www.g-portfolio.com\/index.php\/g-portfolio-2\/","title":{"rendered":"G-portfolio"},"content":{"rendered":"<p><img loading=\"lazy\" decoding=\"async\" class=\"alignnone size-full wp-image-1002\" src=\"http:\/\/www.g-portfolio.com\/wp-content\/uploads\/2017\/04\/g_lettera_campi_3.png\" alt=\"\" width=\"1920\" height=\"711\" srcset=\"https:\/\/www.g-portfolio.com\/wp-content\/uploads\/2017\/04\/g_lettera_campi_3.png 1920w, https:\/\/www.g-portfolio.com\/wp-content\/uploads\/2017\/04\/g_lettera_campi_3-300x111.png 300w, https:\/\/www.g-portfolio.com\/wp-content\/uploads\/2017\/04\/g_lettera_campi_3-768x284.png 768w, https:\/\/www.g-portfolio.com\/wp-content\/uploads\/2017\/04\/g_lettera_campi_3-700x259.png 700w\" sizes=\"(max-width: 706px) 89vw, (max-width: 767px) 82vw, 740px\" \/><\/p>\n<p>G-portfolio \u00a0ist showroom hier k\u00f6nnen Sie\u00a0\u00a0eine repr\u00e4sentative Auswahl von Werken von Grazvyda finden.<\/p>\n<p><img loading=\"lazy\" decoding=\"async\" class=\"alignnone size-full wp-image-1010\" src=\"http:\/\/www.g-portfolio.com\/wp-content\/uploads\/2017\/04\/g_lettera_campi_4-1.png\" alt=\"\" width=\"1920\" height=\"711\" srcset=\"https:\/\/www.g-portfolio.com\/wp-content\/uploads\/2017\/04\/g_lettera_campi_4-1.png 1920w, https:\/\/www.g-portfolio.com\/wp-content\/uploads\/2017\/04\/g_lettera_campi_4-1-300x111.png 300w, https:\/\/www.g-portfolio.com\/wp-content\/uploads\/2017\/04\/g_lettera_campi_4-1-768x284.png 768w, https:\/\/www.g-portfolio.com\/wp-content\/uploads\/2017\/04\/g_lettera_campi_4-1-700x259.png 700w\" sizes=\"(max-width: 706px) 89vw, (max-width: 767px) 82vw, 740px\" \/><\/p>\n<p>Kurzgeschichte \u00fcber Brief-G-Logo &#8230;<\/p>\n<p>Alle Buchstaben sind unterschiedlich und sch\u00f6n. Sie k\u00f6nnen ihre eigenen Geschichten erz\u00e4hlen. G-Logo ist ein gro\u00dfer Name f\u00fcr meinen Charakter und die Pers\u00f6nlichkeit. G &#8211; kann ich auf vielen interessanten typografischen\u00a0Arten nutzen.<\/p>\n<p>&#8220;Design ist sichtbar gemachtes Denken&#8221; &#8211; Saul Bass<\/p>\n<p>&nbsp;<\/p>\n<p>copyright \u00a9<b>\u00a0<\/b>G-portfolio<\/p>\n","protected":false},"excerpt":{"rendered":"<p>G-portfolio \u00a0ist showroom hier k\u00f6nnen Sie\u00a0\u00a0eine repr\u00e4sentative Auswahl von Werken von Grazvyda finden. Kurzgeschichte \u00fcber Brief-G-Logo &#8230; Alle Buchstaben sind unterschiedlich und sch\u00f6n. Sie k\u00f6nnen ihre eigenen Geschichten erz\u00e4hlen. G-Logo ist ein gro\u00dfer Name f\u00fcr meinen Charakter und die Pers\u00f6nlichkeit. G &#8211; kann ich auf vielen interessanten typografischen\u00a0Arten nutzen. &#8220;Design ist sichtbar gemachtes Denken&#8221; &#8211; &hellip; <\/p>\n<p class=\"link-more\"><a href=\"https:\/\/www.g-portfolio.com\/index.php\/g-portfolio-2\/\" class=\"more-link\">Continue reading<span class=\"screen-reader-text\"> &#8220;G-portfolio&#8221;<\/span><\/a><\/p>\n","protected":false},"author":1,"featured_media":0,"parent":0,"menu_order":0,"comment_status":"closed","ping_status":"open","template":"","meta":{"footnotes":""},"_links":{"self":[{"href":"https:\/\/www.g-portfolio.com\/index.php\/wp-json\/wp\/v2\/pages\/889"}],"collection":[{"href":"https:\/\/www.g-portfolio.com\/index.php\/wp-json\/wp\/v2\/pages"}],"about":[{"href":"https:\/\/www.g-portfolio.com\/index.php\/wp-json\/wp\/v2\/types\/page"}],"author":[{"embeddable":true,"href":"https:\/\/www.g-portfolio.com\/index.php\/wp-json\/wp\/v2\/users\/1"}],"replies":[{"embeddable":true,"href":"https:\/\/www.g-portfolio.com\/index.php\/wp-json\/wp\/v2\/comments?post=889"}],"version-history":[{"count":14,"href":"https:\/\/www.g-portfolio.com\/index.php\/wp-json\/wp\/v2\/pages\/889\/revisions"}],"predecessor-version":[{"id":1019,"href":"https:\/\/www.g-portfolio.com\/index.php\/wp-json\/wp\/v2\/pages\/889\/revisions\/1019"}],"wp:attachment":[{"href":"https:\/\/www.g-portfolio.com\/index.php\/wp-json\/wp\/v2\/media?parent=889"}],"curies":[{"name":"wp","href":"https:\/\/api.w.org\/{rel}","templated":true}]}}